{"id":525,"date":"2025-09-26T12:22:26","date_gmt":"2025-09-26T10:22:26","guid":{"rendered":"https:\/\/horo.cb-idl.de\/?page_id=31"},"modified":"2025-09-26T12:22:26","modified_gmt":"2025-09-26T10:22:26","slug":"ferienwohnung-achtert-hus","status":"publish","type":"page","link":"https:\/\/hof-roehsmann.de\/wordpress2\/ferienwohnung-achtert-hus\/","title":{"rendered":"Ferienwohnung &#8222;Achtert Hus&#8220;"},"content":{"rendered":"<h3>Beschreibung<\/h3>\n<p>In dem im Jahr 1703 erbauten Haupthaus unseres\u00a0<strong>Ferienhofes<\/strong>\u00a0befindet sich eine ca. 75 m\u00b2 gro\u00dfe\u00a0<strong>Ferienwohnung<\/strong>, die Platz f\u00fcr Familien mit bis zu 6 Personen bietet.<\/p>\n<p>Ihnen stehen ein Schlafzimmer mit Doppelbett, ein Schlafraum mit Etagenbett, ein Wohn- Essraum mit Schlafsofa, Sat-TV und CD-Radio und zwei B\u00e4der mit Dusche und WC zur Verf\u00fcgung.<\/p>\n<p>Die K\u00fcche ist mit Mikrowelle, Toaster, Wasserkocher, Kaffeemaschine, Backofen und Ceran-Kochfeld sowie einem K\u00fchlschrank mit Gefrierfach ausgestattet.<\/p>\n<p>Zur Gem\u00fctlichkeit tr\u00e4gt bei gutem Wetter eine Terrasse mit Sitz- und Grillm\u00f6glichkeiten bei. Bei \u201eSchmuddelwetter\u201c kann die kleine aber gem\u00fctliche Veranda genutzt werden.<\/p>\n<h3>Buchungsanfragen<\/h3>\n<p><strong>per Telefon: 0 54 33 \/ 4 51 oder 90 25 00<br \/>\nper E-Mail: info @ hof-roehsmann.de<\/strong><\/p>\n<h3>Preise<\/h3>\n<table>\n<tbody>\n<tr>\n<td>zwei\u00a0Personen\/\u00dcbernachtung<\/td>\n<td>60,- EUR<\/td>\n<\/tr>\n<tr>\n<td>jede weitere Person\/\u00dcbernachtung<\/td>\n<td>5,- EUR<\/td>\n<\/tr>\n<\/tbody>\n<\/table>\n<p>Am Ende ihres Aufenthalts ist eine Endreinigungsgeb\u00fchr von einmalig 50,- \u20ac zu entrichten.<\/p>\n<p>F\u00fcr diesen kleinen Obolus sind die Betten bei Ankunft bezogen und\u00a0ihnen stehen\u00a0f\u00fcr den gesamten Aufenthalt Handt\u00fccher zur Verf\u00fcgung!<\/p>\n<p><u>Reiser\u00fccktritt:<\/u>\u00a0Sollte ihnen kurzfristig etwas dazwischen kommen und sie k\u00f6nnen den Urlaub nicht antreten, so m\u00fcssen wir ihnen leider 80% des Reisebetrags berechnen. Um sich abzusichern, sollten sie daher eine Reiser\u00fccktrittsversicherung abschlie\u00dfen, diese \u00fcbernimmt dann die anfallenden Kosten. Eine Reisebest\u00e4tigung lassen wir ihnen gerne zukommen.<\/p>\n","protected":false},"excerpt":{"rendered":"<p>Beschreibung In dem im Jahr 1703 erbauten Haupthaus unseres\u00a0Ferienhofes\u00a0befindet sich eine ca. 75 m\u00b2 gro\u00dfe\u00a0Ferienwohnung, die Platz f\u00fcr Familien mit bis zu 6 Personen bietet. Ihnen stehen ein Schlafzimmer mit Doppelbett, ein Schlafraum mit Etagenbett, ein Wohn- Essraum mit Schlafsofa, Sat-TV und CD-Radio und zwei B\u00e4der mit Dusche und WC zur Verf\u00fcgung. Die K\u00fcche ist<br \/><a class=\"moretag\" href=\"https:\/\/hof-roehsmann.de\/wordpress2\/ferienwohnung-achtert-hus\/\">+ Lesen Sie mehr<\/a><\/p>\n","protected":false},"author":1,"featured_media":0,"parent":0,"menu_order":0,"comment_status":"closed","ping_status":"closed","template":"template_parts\/page-nocontent_template.php","meta":{"footnotes":""},"class_list":["post-525","page","type-page","status-publish","hentry"],"_links":{"self":[{"href":"https:\/\/hof-roehsmann.de\/wordpress2\/wp-json\/wp\/v2\/pages\/525","targetHints":{"allow":["GET"]}}],"collection":[{"href":"https:\/\/hof-roehsmann.de\/wordpress2\/wp-json\/wp\/v2\/pages"}],"about":[{"href":"https:\/\/hof-roehsmann.de\/wordpress2\/wp-json\/wp\/v2\/types\/page"}],"author":[{"embeddable":true,"href":"https:\/\/hof-roehsmann.de\/wordpress2\/wp-json\/wp\/v2\/users\/1"}],"replies":[{"embeddable":true,"href":"https:\/\/hof-roehsmann.de\/wordpress2\/wp-json\/wp\/v2\/comments?post=525"}],"version-history":[{"count":0,"href":"https:\/\/hof-roehsmann.de\/wordpress2\/wp-json\/wp\/v2\/pages\/525\/revisions"}],"wp:attachment":[{"href":"https:\/\/hof-roehsmann.de\/wordpress2\/wp-json\/wp\/v2\/media?parent=525"}],"curies":[{"name":"wp","href":"https:\/\/api.w.org\/{rel}","templated":true}]}}